{"id":74,"date":"2020-10-17T21:17:23","date_gmt":"2020-10-17T19:17:23","guid":{"rendered":"https:\/\/marvil.sk\/wordpress-1\/?page_id=74"},"modified":"2021-05-19T20:55:45","modified_gmt":"2021-05-19T18:55:45","slug":"obchodne-a-reklamacne-podmienky","status":"publish","type":"page","link":"https:\/\/marvil.sk\/wordpress-1\/obchodne-a-reklamacne-podmienky\/","title":{"rendered":"Obchodn\u00e9 a reklama\u010dn\u00e9 podmienky"},"content":{"rendered":"<header>\n<h1>Obchodn\u00e9 a reklama\u010dn\u00e9 podmienky<\/h1>\n<\/header>\n<section class=\"text\"><strong>V\u0161eobecn\u00e9 ustanovenie<\/strong><\/p>\n<p align=\"justify\"><strong>1. V\u0160EOBECN\u00c9 PODMIENKY<br \/>\n1.1 Pred\u00e1vaj\u00facim je spolo\u010dnos\u0165 Marvil s.r.o. N\u00e1zov spolo\u010dnosti \u2013 Marvil s.r.o., adresa Lu\u017en\u00e1 3953\/4 851 04 Bratislava, ktor\u00e1 je zap\u00edsan\u00e1 Oddiel: Sro, Vlo\u017eka: 5254\u00a0 Pr\u00e1vna forma: Spolo\u010dnos\u0165 s ru\u010den\u00edm obmedzen\u00fdm<br \/>\nDe\u0148 z\u00e1pisu: 8.6.1993 <\/strong><\/p>\n<p align=\"justify\"><strong>I\u010cO: 31352561, DI\u010c: 2020351487 \/ SK2020351487<\/strong><\/p>\n<p>1.2 Kupuj\u00facim je ka\u017ed\u00e1 fyzick\u00e1 alebo pr\u00e1vnick\u00e1 osoba, ktor\u00e1 ak\u00fdmko\u013evek sp\u00f4sobom kontaktuje pred\u00e1vaj\u00faceho s \u00famyslom k\u00fapy tovaru, ktor\u00fd pred\u00e1vaj\u00faci pon\u00faka.<\/p>\n<p>1.3 Kupuj\u00facim je aj ka\u017ed\u00e1 fyzick\u00e1 alebo pr\u00e1vnick\u00e1 osoba, ktor\u00e1 ak\u00fdmko\u013evek sp\u00f4sobom kontaktuje pred\u00e1vaj\u00faceho s po\u017eiadavkou, aby jej pred\u00e1vaj\u00faci zaobstaral tovar, ktor\u00fd nem\u00e1 zaraden\u00fd v ponuke, s \u00famyslom k\u00fapy tohto tovaru.<\/p>\n<p>1.4 Pou\u017e\u00edvan\u00edm web-str\u00e1nok internetov\u00e9ho obchodu pred\u00e1vaj\u00faceho a potvrden\u00edm objedn\u00e1vky d\u00e1va kupuj\u00faci s\u00fahlas s t\u00fdmito Obchodn\u00fdmi podmienkami.<\/p>\n<p>1.5 Tieto Obchodn\u00e9 podmienky s\u00fa platn\u00e9 a\u017e do vydania nov\u00fdch Obchodn\u00fdch podmienok.<br \/>\n2. OBJEDN\u00c1VANIE<br \/>\n2.1 Tovar m\u00f4\u017ee kupuj\u00faci objedn\u00e1va\u0165 nasledovne:<br \/>\na) prostredn\u00edctvom n\u00e1kupn\u00e9ho ko\u0161\u00edka na web-str\u00e1nkach pred\u00e1vaj\u00faceho,<br \/>\n2.2 Odoslan\u00edm objedn\u00e1vky sa kupuj\u00faci zav\u00e4zuje prevzia\u0165 objednan\u00fd tovar a zaplati\u0165 za tovar dohodnut\u00fa cenu.<br \/>\n2.3 Odoslan\u00fa objedn\u00e1vku potvrd\u00ed pred\u00e1vaj\u00faci do 24 hod\u00edn emailom a z\u00e1rove\u0148 ozn\u00e1mi kupuj\u00facemu dostupnos\u0165 a term\u00edn dodania tovaru. V\u0161etky potvrden\u00e9 objedn\u00e1vky s\u00fa z\u00e1v\u00e4zn\u00e9!<br \/>\n2.4 Pred\u00e1vaj\u00faci sa zav\u00e4zuje doda\u0165 spr\u00e1vny druh a mno\u017estvo tovaru v dohodnutej cene pod\u013ea objedn\u00e1vky.<br \/>\n2.5 Zru\u0161enie objedn\u00e1vky je zo strany kupuj\u00faceho mo\u017en\u00e9 do 24 hod\u00edn od objednania tovaru bez udania d\u00f4vodu. Kupuj\u00faci m\u00f4\u017ee objedn\u00e1vku zru\u0161i\u0165 v Z\u00e1kazn\u00edckej sekcii na web-str\u00e1nke pred\u00e1vaj\u00faceho, telefonicky alebo e-mailom. Po overen\u00ed splnenia podmienok zru\u0161enia objedn\u00e1vky potvrd\u00ed pred\u00e1vaj\u00faci kupuj\u00facemu storno objedn\u00e1vky e-mailom alebo telefonicky. V pr\u00edpade, \u017ee u\u017e bola suma za objednan\u00fd tovar uhraden\u00e1, pred\u00e1vaj\u00faci za\u0161le peniaze sp\u00e4\u0165 na bankov\u00fd \u00fa\u010det kupuj\u00faceho, alebo ich doru\u010d\u00ed in\u00fdm sp\u00f4sobom, ktor\u00fd si spolu dohodn\u00fa.<br \/>\n2.6 Pred\u00e1vaj\u00faci m\u00e1 pr\u00e1vo zru\u0161i\u0165 objedn\u00e1vku v pr\u00edpade, ke\u010f nie je mo\u017en\u00e9 zabezpe\u010di\u0165 objednan\u00fd tovar. V takomto pr\u00edpade kupuj\u00facemu ihne\u010f vr\u00e1ti uhraden\u00fa sumu v plnej v\u00fd\u0161ke, alebo mu pon\u00fakne n\u00e1hradn\u00fd tovar, alebo in\u00e9 rie\u0161enie, ak s t\u00fdm kupuj\u00faci s\u00fahlas\u00ed. Pred\u00e1vaj\u00faci m\u00e1 pr\u00e1vo zru\u0161i\u0165 objedn\u00e1vku tie\u017e v pr\u00edpade, ak sa nem\u00f4\u017ee skontaktova\u0165 s kupuj\u00facim (chybne uveden\u00e9 alebo neuveden\u00e9 kontaktn\u00e9 \u00fadaje, nedostupnos\u0165, &#8230;).<br \/>\n3. CENY<br \/>\n3.1 Pred\u00e1vaj\u00faci je platcom DPH.<br \/>\n3.2 K z\u00e1kladnej cene objedn\u00e1vky je pripo\u010d\u00edtan\u00e1 cena za dopravu tovaru pod\u013ea toho, ak\u00fd sp\u00f4sob doru\u010denia si kupuj\u00faci vyberie. Cena je odvoden\u00e1 od celkovej hmotnosti objednan\u00e9ho tovaru a aktu\u00e1lna sadzba je vidite\u013en\u00e1 priamo v objedn\u00e1vke (pri ka\u017edom sp\u00f4sobe dopravy). Baln\u00e9 je zahrnut\u00e9 v cene dopravy.<br \/>\n<strong>4. PLATBY<\/strong><br \/>\n4.1 Plati\u0165 za tovar m\u00f4\u017ee kupuj\u00faci na dobierku alebo prevodom na \u00fa\u010det pred\u00e1vaj\u00faceho na z\u00e1klade proforma (z\u00e1lohovej) fakt\u00fary. Na z\u00e1klade odoslanej objedn\u00e1vky vystav\u00ed pred\u00e1vaj\u00faci proforma (z\u00e1lohov\u00fa) fakt\u00faru, ktor\u00fa po\u0161le spolu s potvrden\u00edm objedn\u00e1vky e-mailom. T\u00fato platbu m\u00f4\u017ee kupuj\u00faci uskuto\u010dni\u0165 nasledovne:<br \/>\na)\u00a0<strong>prevodn\u00fdm pr\u00edkazom zo svojho \u00fa\u010dtu,<\/strong><br \/>\nb)\u00a0<strong>priamym vkladom v hotovosti na \u00fa\u010det pred\u00e1vaj\u00faceho alebo hotovos\u0165ou\u00a0 na prev\u00e1dzke MarvVil s.r.o, Sabinovsk\u00e1 10, Bratislava\u00a0<\/strong><br \/>\nc)\u00a0<strong>platobn\u00fdm syst\u00e9mom PayPal ktor\u00fd umo\u017enuje plati\u0165 aj v\u0161etkymi typmi \u00a0bankov\u00fdch kariet.\u00a0<\/strong><\/p>\n<p>4.2 Platba je mo\u017en\u00e1 iba v EUR.<br \/>\n4.3 Da\u0148ov\u00fd doklad (fakt\u00fara) je dodan\u00e1\u00a0 kupuj\u00facemu spolu s tovarom.<\/p>\n<p>5. DODACIE PODMIENKY<br \/>\n5.1 Dodacia lehota na tovar v ponuke pred\u00e1vaj\u00faceho je vo v\u00e4\u010d\u0161ine pr\u00edpadov do 8 pracovn\u00fdch dn\u00ed od potvrdenia objedn\u00e1vky, maxim\u00e1lna doba dodania je 14 dn\u00ed alebo po dohode s kupuj\u00facim sa m\u00f4\u017ee pred\u013a\u017ei\u0165. O dodacej lehote a term\u00edne dodania bude pred\u00e1vaj\u00faci kupuj\u00faceho informova\u0165 pri potvrden\u00ed objedn\u00e1vky telefonicky. Ak kupuj\u00facemu nevyhovuje ozn\u00e1men\u00e1 pred\u013a\u017een\u00e1 dodacia lehota, m\u00e1 mo\u017enos\u0165 stornova\u0165 objedn\u00e1vku v s\u00falade s bodom 2.5 t\u00fdchto Obchodn\u00fdch podmienok.<br \/>\n5.3 Tovar bude vyexpedovan\u00fd okam\u017eite po potvrden\u00ed objedn\u00e1vky a po splnen\u00ed v\u0161etk\u00fdch podmienok pre vyskladnenie.<br \/>\n6. DORU\u010cENIE TOVARU<br \/>\n6.1 Pred\u00e1vaj\u00faci zabezpe\u010duje dopravu tovaru sp\u00f4sobom, ktor\u00fd si kupuj\u00faci vyberie z pon\u00fakan\u00fdch mo\u017enost\u00ed v objedn\u00e1vke:<br \/>\na) kuri\u00e9rskou slu\u017ebou,<br \/>\nb) Slovenskou po\u0161tou.<br \/>\n6.2 Miesto odberu je stanoven\u00e9 na z\u00e1klade objedn\u00e1vky kupuj\u00faceho. Za splnenie dod\u00e1vky sa pova\u017euje dodanie tovaru na ur\u010den\u00e9 miesto.<br \/>\n6.3 Tovar je primerane zabalen\u00fd a zabezpe\u010den\u00fd. Kupuj\u00faci je povinn\u00fd pri preberan\u00ed tovaru skontrolova\u0165 neporu\u0161enos\u0165 z\u00e1sielky.<br \/>\n6.4 Spolu s tovarom dod\u00e1 pred\u00e1vaj\u00faci kupuj\u00facemu fakt\u00faru (da\u0148ov\u00fd doklad), dodac\u00ed list. Pred\u00e1vaj\u00faci taktie\u017e dod\u00e1 spolu s tovarom n\u00e1vod na obsluhu a z\u00e1ru\u010dn\u00fd list ak to vy\u017eaduje povaha tovaru.<br \/>\n6.5 Za tovar zodpoved\u00e1 pred\u00e1vaj\u00faci a\u017e po jeho prevzatie kupuj\u00facim. Tovar sa pova\u017euje za prevzat\u00fd kupuj\u00facim od doby, kedy tento p\u00edsomne potvrd\u00ed prevzatie tovaru.<br \/>\n6.6 Pred\u00e1vaj\u00faci nenesie zodpovednos\u0165 za oneskoren\u00e9 dodanie objednan\u00e9ho tovaru kupuj\u00facemu zavinen\u00e9 prepravcom. Za po\u0161kodenie z\u00e1sielky zavinen\u00e9 prepravcom zodpoved\u00e1 v plnom rozsahu prepravca. Tak\u00e9to pr\u00edpady rie\u0161i pred\u00e1vaj\u00faci dodan\u00edm nov\u00e9ho tovaru kupuj\u00facemu po zaplaten\u00ed v\u0161etk\u00fdch \u0161k\u00f4d prepravcom.<br \/>\n6.7 V pr\u00edpade v\u00e4\u010d\u0161ieho z\u00e1ujmu sa m\u00f4\u017ee sta\u0165, \u017ee m\u00e1me nedostatok tovaru a tak Vami objednan\u00fd tovar V\u00e1m m\u00f4\u017eeme doda\u0165 v nieko\u013ek\u00fdch bal\u00edkoch, pri\u010dom po\u0161tovn\u00e9 a baln\u00e9 plat\u00edte ako za jeden bal\u00edk.<br \/>\n7. ODST\u00daPENIE OD VYBAVENEJ OBJEDN\u00c1VKY<br \/>\n7.1 Kupuj\u00faci je v s\u00falade so z\u00e1konom opr\u00e1vnen\u00fd bez udania d\u00f4vodu odst\u00fapi\u0165 od vybavenej objedn\u00e1vky (pod\u013ea z\u00e1kona &#8222;od k\u00fapnej zmluvy&#8220;, ak u\u017e kupuj\u00faci prevzal tovar) do 7 pracovn\u00fdch dn\u00ed odo d\u0148a prevzatia tovaru.<br \/>\n7.2 Tovar na vr\u00e1tenie mus\u00ed by\u0165:,<br \/>\na) nepo\u0161koden\u00fd,<br \/>\nb) kompletn\u00fd (vr\u00e1tane pr\u00edslu\u0161enstva, dokument\u00e1cie, &#8230;),<br \/>\nc) vr\u00e1tane prilo\u017een\u00e9ho dokladu o k\u00fape.<br \/>\n7.3 Ak sa kupuj\u00faci rozhodne vr\u00e1ti\u0165 tovar pod\u013ea bodu 7.1 t\u00fdchto Obchodn\u00fdch podmienok, je povinn\u00fd:<br \/>\na) kontaktova\u0165 pred\u00e1vaj\u00faceho so \u017eiados\u0165ou o odst\u00fapenie od vybavenej objedn\u00e1vky, uvies\u0165 \u010d\u00edslo objedn\u00e1vky (variabiln\u00fd symbol), d\u00e1tum k\u00fapy a \u010d\u00edslo svojho \u00fa\u010dtu pre vr\u00e1tenie pe\u0148az\u00ed,<br \/>\nb) zasla\u0165 tovar nasp\u00e4\u0165 na adresu pred\u00e1vaj\u00faceho &#8211; tovar sa odpor\u00fa\u010da posla\u0165 doporu\u010dene, poisten\u00fd a pou\u017ei\u0165 vhodn\u00e9 balenie, aby po\u010das prepravy nedo\u0161lo k pop\u00edsaniu, polepeniu, ani in\u00e9mu znehodnoteniu p\u00f4vodn\u00fdch obalov a samotn\u00e9ho tovaru (pred\u00e1vaj\u00faci neru\u010d\u00ed za pr\u00edpadn\u00fa stratu alebo po\u0161kodenie tovaru po\u010das prepravy),<br \/>\nc) uhradi\u0165 v\u00fddavky s\u00favisiace s vr\u00e1ten\u00edm tovaru (po\u0161tovn\u00e9, poistenie, &#8230;).<br \/>\n7.4 Po splnen\u00ed podmienok pod\u013ea bodov 7.1 a\u017e 7.3 t\u00fdchto Obchodn\u00fdch podmienok a po obdr\u017ean\u00ed vr\u00e1ten\u00e9ho tovaru je pred\u00e1vaj\u00faci povinn\u00fd:<br \/>\na) prevzia\u0165 tovar nasp\u00e4\u0165,<br \/>\nb) vr\u00e1ti\u0165 kupuj\u00facemu v lehote najnesk\u00f4r 15 dn\u00ed odo d\u0148a odst\u00fapenia od vybavenej objedn\u00e1vky cel\u00fa cenu zaplaten\u00fa za tovar, okrem poplatku za dopravu.<br \/>\n7.5 V pr\u00edpade nesplnenia niektorej z podmienok pod\u013ea bodov 7.1 a\u017e 7.3 t\u00fdchto Obchodn\u00fdch podmienok nebude pred\u00e1vaj\u00faci akceptova\u0165 odst\u00fapenie od vybavenej objedn\u00e1vky a tovar bude vr\u00e1ten\u00fd na n\u00e1klady kupuj\u00faceho nasp\u00e4\u0165.<br \/>\n8. Z\u00c1RUKY A REKLAM\u00c1CIE<br \/>\n8.1 Vybavovanie reklam\u00e1ci\u00ed sa riadi z\u00e1ru\u010dn\u00fdmi podmienkami konkr\u00e9tneho tovaru, Obchodn\u00fdm z\u00e1konn\u00edkom a pr\u00edslu\u0161n\u00fdmi ustanoveniami Ob\u010dianskeho z\u00e1konn\u00edka a osobitn\u00fdmi predpismi.<br \/>\n8.2 Z\u00e1ru\u010dn\u00e1 doba na v\u0161etok pon\u00fakan\u00fd tovar v internetovom obchode pred\u00e1vaj\u00faceho je 24 mesiacov. Na uplatnenie pr\u00e1v zo zodpovednosti za vady (reklam\u00e1ciu) v\u017edy posta\u010duje doklad o zak\u00fapen\u00ed (prilo\u017een\u00e1 fakt\u00fara). Predlo\u017eenie dokladu o zak\u00fapen\u00ed na \u00fa\u010dely reklam\u00e1cie posta\u010duje aj v pr\u00edpade, \u017ee bol vydan\u00fd z\u00e1ru\u010dn\u00fd list, ale z\u00e1kazn\u00edk ho stratil.<br \/>\n8.3 Z\u00e1ruka sa nevz\u0165ahuje na be\u017en\u00e9 opotrebenie veci (alebo jej \u010dast\u00ed) sp\u00f4soben\u00e9 pou\u017e\u00edvan\u00edm.<br \/>\n8.4 Reklamovan\u00fd tovar je kupuj\u00faci povinn\u00fd doru\u010di\u0165 na reklam\u00e1ciu \u010dist\u00fd, mechanicky nepo\u0161koden\u00fd, s k\u00f3piou fakt\u00fary, dodacieho listu. Kupuj\u00faci je povinn\u00fd spolu s tovarom zasla\u0165 aj popis vady.<br \/>\n8.5 POSTUP REKLAM\u00c1CIE:<br \/>\n8.5.1. \u010co najsk\u00f4r n\u00e1s informova\u0165 emailom alebo telefonicky o chybe v\u00fdrobku.<br \/>\n8.5.2. Posla\u0165 produkt sp\u00e4\u0165 na adresu firmy pred\u00e1vaj\u00faceho<br \/>\n9. OCHRANA OSOBN\u00ddCH \u00daDAJOV<br \/>\n9.1 V\u0161etky osobn\u00e9 \u00fadaje poskytnut\u00e9 z\u00e1kazn\u00edkom v r\u00e1mci objedn\u00e1vky tovaru \u010di z\u00e1kazn\u00edcke registr\u00e1cie prostredn\u00edctvom internetov\u00e9ho obchodu \u00a0eshop-marvil.sk s\u00fa zhroma\u017e\u010fovan\u00e9, spracov\u00e1van\u00e9 a uchov\u00e1van\u00e9 v s\u00falade so z\u00e1konom \u010d. 122\/2013 Z.z. o ochrane osobn\u00fdch \u00fadajov (\u010falej ako \u201eZOO\u00da&#8220;). K poskytovaniu osobn\u00fdch \u00fadajov doch\u00e1dza pri odoslan\u00ed objedn\u00e1vky alebo registr\u00e1cii z\u00e1kazn\u00edckeho \u00fa\u010dtu Klubu kr\u00e1sy Dermacol v r\u00e1mci internetovej predajne Dermacol, a to v rozsahu \u00fadajov uv\u00e1dzan\u00fdch vo formul\u00e1ri objedn\u00e1vky \u010di v registra\u010dnom formul\u00e1ri.<br \/>\n9.2 Odoslan\u00edm objedn\u00e1vky, resp. uzatvoren\u00edm k\u00fapnej zmluvy, d\u00e1va z\u00e1kazn\u00edk v s\u00falade so z\u00e1k. \u010d. 122\/2013 Z.z. s\u00fahlas pred\u00e1vaj\u00facemu so spracovan\u00edm, zhroma\u017e\u010fovan\u00edm a uchov\u00e1van\u00edm jeho osobn\u00fdch \u00fadajov pre \u00fa\u010dely uzavretia k\u00fapnej zmluvy, vybavenia objedn\u00e1vok a s\u00favisiacej komunik\u00e1cie so z\u00e1kazn\u00edkom, ale aj po \u00faspe\u0161nom vybaven\u00ed objedn\u00e1vky pre \u00fa\u010dely plnenia zo zmluvy a vedenie pr\u00edslu\u0161nej evidencie (napr. pri vybavovan\u00ed reklam\u00e1ci\u00ed, veden\u00ed \u00fa\u010dtovn\u00edctva a pod.), a to a\u017e do doby jeho p\u00edsomn\u00e9ho vyjadrenia nes\u00fahlasu s t\u00fdmto spracovan\u00edm. Osobn\u00e9 \u00fadaje s\u00fa spracovan\u00e9 v rozsahu: meno, priezvisko, adresa, telef\u00f3n, e-mail. Z\u00e1kazn\u00edk m\u00e1 pr\u00e1vo na pr\u00edstup k svojim osobn\u00fdm \u00fadajom, pr\u00e1vo na ich opravu vr\u00e1tane \u010fal\u0161\u00edch z\u00e1konn\u00fdch pr\u00e1v k t\u00fdmto \u00fadajom. Pred\u00e1vaj\u00faci neposkytuje, nezverej\u0148uje a nespr\u00edstup\u0148uje osobn\u00e9 \u00fadaje z\u00e1kazn\u00edkov \u017eiadnej \u010fal\u0161ej osobe, s v\u00fdnimkou spolo\u010dnost\u00ed zabezpe\u010duj\u00facich prepravu tovaru, ktor\u00fdm s\u00fa osobn\u00e9 \u00fadaje z\u00e1kazn\u00edkov odovzd\u00e1van\u00e9 v minim\u00e1lnom rozsahu potrebnom pre \u00fa\u010dely doru\u010denia tovaru.<br \/>\n9.3 Vykonan\u00edm registr\u00e1cie z\u00e1kazn\u00edckeho \u00fa\u010dtu cez internetov\u00fd obchod eshop-marvil.sk, z\u00e1kazn\u00edk s\u00fahlas\u00ed s t\u00fdm, aby v s\u00falade so z\u00e1konom \u010d. 122\/2013 Z.z. o ochrane osobn\u00fdch \u00fadajov pred\u00e1vaj\u00faci, pr\u00edpadne tretia osoba, ako touto spolo\u010dnos\u0165ou ur\u010den\u00fd sprostredkovate\u013e v zmysle citovan\u00e9ho z\u00e1kona, spracov\u00e1vala, zhroma\u017e\u010fovala a uchov\u00e1vala osobn\u00e9 \u00fadaje z\u00e1kazn\u00edka poskytnut\u00e9 z\u00e1kazn\u00edkom pri jeho registr\u00e1cii. Z\u00e1kazn\u00edk tie\u017e uskuto\u010dnen\u00edm z\u00e1kazn\u00edckej registr\u00e1cie a\/alebo za\u0161krtnut\u00edm s\u00fahlasu so zasielan\u00edm noviniek akouko\u013evek formou pri odosielan\u00ed objedn\u00e1vky, ude\u013euje pred\u00e1vaj\u00facemu s\u00fahlas so spracovan\u00edm a vyu\u017e\u00edvan\u00edm t\u00fdchto jeho osobn\u00fdch \u00fadajov pre \u00fa\u010dely propaga\u010dn\u00e9 aj marketingov\u00e9 a s odovzdan\u00edm t\u00fdchto \u00fadajov obchodn\u00fdm partnerom pred\u00e1vaj\u00faceho na \u00fa\u010dely propag\u00e1cie a marketingu, a s\u00fa\u010dasne vyslovuje s\u00fahlas s t\u00fdm, aby pred\u00e1vaj\u00faci a pr\u00edpadne tretie osoby, s ktor\u00fdmi t\u00e1to spolo\u010dnos\u0165 uzatvorila pr\u00edslu\u0161n\u00e9 zmluvn\u00e9 dojednania, posielali z\u00e1kazn\u00edkovi obchodn\u00e9 ozn\u00e1menia v elektronickej podobe, v zmysle z\u00e1k. \u010d 147\/2001 Z. z. o reklame a z\u00e1k. \u010d. 610\/2003 Z. z. o elektronickej komunik\u00e1cii. Osobn\u00e9 \u00fadaje s\u00fa spracov\u00e1van\u00e9 v rozsahu: meno, priezvisko, d\u00e1tum narodenia, adresa, telef\u00f3n, e-mail, pohlavie.<br \/>\nZ\u00e1kazn\u00edk m\u00e1 pr\u00e1vo na pr\u00edstup k svojim osobn\u00fdm \u00fadajom, pr\u00e1vo na ich opravu, vr\u00e1tane \u010fal\u0161\u00edch z\u00e1konn\u00fdch pr\u00e1v k t\u00fdmto \u00fadajom.<br \/>\n9.4 Pred\u00e1vaj\u00faci neposkytuje, nezverej\u0148uje a nespr\u00edstup\u0148uje osobn\u00e9 \u00fadaje z\u00e1kazn\u00edkov \u017eiadnej \u010fal\u0161ej osobe, s v\u00fdnimkou: spolo\u010dnost\u00ed zabezpe\u010duj\u00facich prepravu tovaru, ktor\u00fdm s\u00fa osobn\u00e9 \u00fadaje z\u00e1kazn\u00edkov odovzd\u00e1van\u00e9 v minim\u00e1lnom rozsahu potrebnom na \u00fa\u010dely doru\u010denia tovaru (najm\u00e4 Slovensk\u00e1 Po\u0161ta).<br \/>\nS\u00fahlas so spracovan\u00edm osobn\u00fdch \u00fadajov a zasielan\u00edm obchodn\u00fdch inform\u00e1ci\u00ed je udelen\u00fd na dobu neur\u010dit\u00fa a je mo\u017en\u00e9 ho kedyko\u013evek zdarma odvola\u0165 v\u00fdslovn\u00fdm a ur\u010dit\u00fdm prejavom v p\u00edsomnej forme adresovanej pred\u00e1vaj\u00facemu, a to po\u0161tou, telefonicky alebo elektronicky na e-mail\u00a0<a href=\"mailto:eshop@masazovanie.sk\">eshop@marvil.sk<\/a>. \u00a0\u00a0Odvolan\u00edm s\u00fahlasu so spracovan\u00edm osobn\u00fdch \u00fadajov d\u00f4jde z\u00e1rove\u0148 k zru\u0161eniu z\u00e1kazn\u00edckej registr\u00e1cie.<br \/>\nZ\u00e1kazn\u00edk m\u00e1 pod\u013ea z\u00e1k. \u010d. 122\/2013 Z.z. v s\u00favislosti so spracovan\u00edm osobn\u00fdch \u00fadajov najm\u00e4 nasleduj\u00face pr\u00e1va:<br \/>\nZ\u00e1kazn\u00edk m\u00e1 pr\u00e1vo na z\u00e1klade p\u00edsomnej \u017eiadosti od pred\u00e1vaj\u00faceho vy\u017eadova\u0165:<br \/>\na) potvrdenie, \u010di s\u00fa alebo nie s\u00fa osobn\u00e9 \u00fadaje o \u0148om sprac\u00favan\u00e9,<br \/>\nb) vo v\u0161eobecne zrozumite\u013enej forme inform\u00e1cie o sprac\u00favan\u00ed osobn\u00fdch \u00fadajov v informa\u010dnom syst\u00e9me v rozsahu pod\u013ea \u00a7 15 ods. 1 p\u00edsm. a) a\u017e e) druh\u00fd a\u017e \u0161iesty bod; pri vydan\u00ed rozhodnutia pod\u013ea odseku 5 je dotknut\u00e1 osoba opr\u00e1vnen\u00e1 obozn\u00e1mi\u0165 sa s postupom sprac\u00favania a vyhodnocovania oper\u00e1ci\u00ed,<br \/>\nc) vo v\u0161eobecne zrozumite\u013enej forme presn\u00e9 inform\u00e1cie o zdroji, z ktor\u00e9ho z\u00edskal jeho osobn\u00e9 \u00fadaje na sprac\u00favanie,<br \/>\nd) vo v\u0161eobecne zrozumite\u013enej forme zoznam jeho osobn\u00fdch \u00fadajov, ktor\u00e9 s\u00fa predmetom sprac\u00favania,<br \/>\ne) opravu alebo likvid\u00e1ciu svojich nespr\u00e1vnych, ne\u00fapln\u00fdch alebo neaktu\u00e1lnych osobn\u00fdch \u00fadajov, ktor\u00e9 s\u00fa predmetom sprac\u00favania,<br \/>\nf) likvid\u00e1ciu jeho osobn\u00fdch \u00fadajov, ktor\u00fdch \u00fa\u010del sprac\u00favania sa skon\u010dil; ak s\u00fa predmetom sprac\u00favania \u00faradn\u00e9 doklady obsahuj\u00face osobn\u00e9 \u00fadaje, m\u00f4\u017ee po\u017eiada\u0165 o ich vr\u00e1tenie,<br \/>\ng) likvid\u00e1ciu jeho osobn\u00fdch \u00fadajov, ktor\u00e9 s\u00fa predmetom sprac\u00favania, ak do\u0161lo k poru\u0161eniu z\u00e1kona,<br \/>\nh) blokovanie jeho osobn\u00fdch \u00fadajov z d\u00f4vodu odvolania s\u00fahlasu pred uplynut\u00edm \u010dasu jeho platnosti, ak prev\u00e1dzkovate\u013e sprac\u00fava osobn\u00e9 \u00fadaje na z\u00e1klade s\u00fahlasu dotknutej osoby.<br \/>\nZ\u00e1kazn\u00edk m\u00e1 pr\u00e1vo u\u00a0pred\u00e1vaj\u00faceho na z\u00e1klade p\u00edsomnej \u017eiadosti namieta\u0165 vo\u010di:<br \/>\na) sprac\u00favaniu jeho osobn\u00fdch \u00fadajov, o ktor\u00fdch predpoklad\u00e1, \u017ee s\u00fa alebo bud\u00fa sprac\u00favan\u00e9 na \u00fa\u010dely priameho marketingu bez jeho s\u00fahlasu, a \u017eiada\u0165 ich likvid\u00e1ciu,<br \/>\nb) vyu\u017e\u00edvaniu osobn\u00fdch \u00fadajov uveden\u00fdch v \u00a7 10 ods. 3 p\u00edsm. d) na \u00fa\u010dely priameho marketingu v po\u0161tovom styku, alebo<br \/>\nc) poskytovaniu osobn\u00fdch \u00fadajov uveden\u00fdch v \u00a7 10 ods. 3 p\u00edsm. d) na \u00fa\u010dely priameho marketingu.<br \/>\n10. Z\u00e1vere\u010dn\u00e9 inform\u00e1cie<br \/>\n10.1 Dozor nad poskytovan\u00edm slu\u017eieb vykon\u00e1va\u00a0Okresn\u00e9 riadite\u013estvo PZ Tren\u010d\u00edn Kvetn\u00e1 7, 911 42 Tren\u010d\u00edn a Slovensk\u00e1 obchodn\u00e1 in\u0161pekcia, po\u0161tov\u00fd prie\u010dinok 29, Prievozsk\u00e1 32, 827 99 Bratislava.<br \/>\n10.2 Tieto v\u0161eobecn\u00e9 obchodn\u00e9 podmienky a v\u0161etky k\u00fapne zmluvy uzavret\u00e9 na ich z\u00e1klade sa riadia pr\u00e1vnymi predpismi platn\u00fdmi v Slovenskej republike.<\/p>\n<\/section>\n","protected":false},"excerpt":{"rendered":"<p>Obchodn\u00e9 a reklama\u010dn\u00e9 podmienky V\u0161eobecn\u00e9 ustanovenie 1. V\u0160EOBECN\u00c9 PODMIENKY 1.1 Pred\u00e1vaj\u00facim je spolo\u010dnos\u0165 Marvil s.r.o. N\u00e1zov spolo\u010dnosti \u2013 Marvil s.r.o.,&hellip;<\/p>\n","protected":false},"author":1,"featured_media":140,"parent":0,"menu_order":0,"comment_status":"closed","ping_status":"closed","template":"","meta":{"footnotes":""},"class_list":["post-74","page","type-page","status-publish","has-post-thumbnail","hentry"],"_links":{"self":[{"href":"https:\/\/marvil.sk\/wordpress-1\/wp-json\/wp\/v2\/pages\/74","targetHints":{"allow":["GET"]}}],"collection":[{"href":"https:\/\/marvil.sk\/wordpress-1\/wp-json\/wp\/v2\/pages"}],"about":[{"href":"https:\/\/marvil.sk\/wordpress-1\/wp-json\/wp\/v2\/types\/page"}],"author":[{"embeddable":true,"href":"https:\/\/marvil.sk\/wordpress-1\/wp-json\/wp\/v2\/users\/1"}],"replies":[{"embeddable":true,"href":"https:\/\/marvil.sk\/wordpress-1\/wp-json\/wp\/v2\/comments?post=74"}],"version-history":[{"count":5,"href":"https:\/\/marvil.sk\/wordpress-1\/wp-json\/wp\/v2\/pages\/74\/revisions"}],"predecessor-version":[{"id":211,"href":"https:\/\/marvil.sk\/wordpress-1\/wp-json\/wp\/v2\/pages\/74\/revisions\/211"}],"wp:featuredmedia":[{"embeddable":true,"href":"https:\/\/marvil.sk\/wordpress-1\/wp-json\/wp\/v2\/media\/140"}],"wp:attachment":[{"href":"https:\/\/marvil.sk\/wordpress-1\/wp-json\/wp\/v2\/media?parent=74"}],"curies":[{"name":"wp","href":"https:\/\/api.w.org\/{rel}","templated":true}]}}