{"id":79,"date":"2020-10-17T21:20:38","date_gmt":"2020-10-17T19:20:38","guid":{"rendered":"https:\/\/marvil.sk\/wordpress-1\/?page_id=79"},"modified":"2020-11-25T12:44:06","modified_gmt":"2020-11-25T11:44:06","slug":"osobny-odber","status":"publish","type":"page","link":"https:\/\/marvil.sk\/wordpress-1\/osobny-odber\/","title":{"rendered":"Osobn\u00fd odber"},"content":{"rendered":"<p><strong>Ak ste si navolili osobn\u00fd odber,\u00a0 tovar po \u00fahrade\u00a0\u00a0odoberiete na\u00a0 prev\u00e1dzke <\/strong><strong>Marvil s.r.o.,\u00a0 Sabinovsk\u00e1 10,\u00a0 82102 Bratislava\u00a0<\/strong><\/p>\n<p>\u010cas a d\u00e1tum odberu si dohodnite vopred na telefonnom \u010d\u00edsle 0905 497 705 alebo\u00a0 <a href=\"https:\/\/marvil.sk\/wordpress-1\/poslat-spravu\/\">Posla\u0165 spr\u00e1vu\u00a0<\/a><\/p>\n<p>Viliam Jankech<br \/>\nMobil:\u00a0 \u00a0 0905 497 705<br \/>\nE-Mail:\u00a0\u00a0<a href=\"mailto:vjankech@marvil.sk?subject=Oprava%20pocitaca\">vjankech@marvil.sk<\/a><\/p>\n","protected":false},"excerpt":{"rendered":"<p>Ak ste si navolili osobn\u00fd odber,\u00a0 tovar po \u00fahrade\u00a0\u00a0odoberiete na\u00a0 prev\u00e1dzke Marvil s.r.o.,\u00a0 Sabinovsk\u00e1 10,\u00a0 82102 Bratislava\u00a0 \u010cas a d\u00e1tum&hellip;<\/p>\n","protected":false},"author":1,"featured_media":0,"parent":0,"menu_order":0,"comment_status":"closed","ping_status":"closed","template":"","meta":{"footnotes":""},"class_list":["post-79","page","type-page","status-publish","hentry"],"_links":{"self":[{"href":"https:\/\/marvil.sk\/wordpress-1\/wp-json\/wp\/v2\/pages\/79","targetHints":{"allow":["GET"]}}],"collection":[{"href":"https:\/\/marvil.sk\/wordpress-1\/wp-json\/wp\/v2\/pages"}],"about":[{"href":"https:\/\/marvil.sk\/wordpress-1\/wp-json\/wp\/v2\/types\/page"}],"author":[{"embeddable":true,"href":"https:\/\/marvil.sk\/wordpress-1\/wp-json\/wp\/v2\/users\/1"}],"replies":[{"embeddable":true,"href":"https:\/\/marvil.sk\/wordpress-1\/wp-json\/wp\/v2\/comments?post=79"}],"version-history":[{"count":7,"href":"https:\/\/marvil.sk\/wordpress-1\/wp-json\/wp\/v2\/pages\/79\/revisions"}],"predecessor-version":[{"id":277,"href":"https:\/\/marvil.sk\/wordpress-1\/wp-json\/wp\/v2\/pages\/79\/revisions\/277"}],"wp:attachment":[{"href":"https:\/\/marvil.sk\/wordpress-1\/wp-json\/wp\/v2\/media?parent=79"}],"curies":[{"name":"wp","href":"https:\/\/api.w.org\/{rel}","templated":true}]}}