{"id":220,"date":"2020-11-22T10:13:49","date_gmt":"2020-11-22T09:13:49","guid":{"rendered":"https:\/\/marvil.sk\/wordpress-1\/?post_type=product&#038;p=220"},"modified":"2023-11-05T08:06:11","modified_gmt":"2023-11-05T07:06:11","slug":"lenovo-thinkpad-t460","status":"publish","type":"product","link":"https:\/\/marvil.sk\/wordpress-1\/produkt\/lenovo-thinkpad-t460\/","title":{"rendered":"LENOVO  T460"},"content":{"rendered":"<p style=\"font-weight: 400;\">Podrobn\u00e1 specifikace:<\/p>\n<table style=\"font-weight: 400;\" width=\"44%\">\n<tbody>\n<tr>\n<td width=\"34%\"><strong>Procesor<\/strong><\/td>\n<td width=\"65%\">Intel Core i7-6600u, 2600 MHz<\/td>\n<\/tr>\n<tr>\n<td width=\"34%\"><strong>RAM pam\u011b\u0165<\/strong><\/td>\n<td width=\"65%\">16 GB DDR3<\/td>\n<\/tr>\n<tr>\n<td width=\"34%\"><strong>Pevn\u00fd disk<\/strong><\/td>\n<td width=\"65%\">256 GB SSD<\/td>\n<\/tr>\n<tr>\n<td width=\"34%\"><strong>Optick\u00e1 mechanika<\/strong><\/td>\n<td width=\"65%\">Nie je<\/td>\n<\/tr>\n<tr>\n<td width=\"34%\"><strong>Displej<\/strong><\/td>\n<td width=\"65%\">14&#8243;, 1366&#215;768 Antireflexn\u00e1<\/td>\n<\/tr>\n<tr>\n<td width=\"34%\"><strong>Opera\u010dn\u00ed syst\u00e9m<\/strong><\/td>\n<td width=\"65%\">Windows 10 Pro<\/td>\n<\/tr>\n<tr>\n<td width=\"34%\"><strong>S\u00ed\u0165ov\u00e9 prvky<\/strong><\/td>\n<td width=\"65%\">Wifi, LAN, Bluetooth<\/td>\n<\/tr>\n<tr>\n<td width=\"34%\"><strong>V\u00fdbava<\/strong><\/td>\n<td width=\"65%\">3x USB 3.0, mini DisplayPort, HDMI, LAN<\/td>\n<\/tr>\n<tr>\n<td width=\"34%\"><strong>Grafick\u00e1 karta<\/strong><\/td>\n<td width=\"65%\">Integrovan\u00e1<\/td>\n<\/tr>\n<tr>\n<td width=\"34%\"><strong>Audio<\/strong><\/td>\n<td width=\"65%\">kombinovan\u00fd jack<\/td>\n<\/tr>\n<tr>\n<td width=\"34%\"><strong>\u010cte\u010dky<\/strong><\/td>\n<td width=\"65%\">SC card slot, micro SD<\/td>\n<\/tr>\n<tr>\n<td width=\"34%\"><strong>Extra v\u00fdbava<\/strong><\/td>\n<td width=\"65%\">Podsvieten\u00e1 kl\u00e1vesnice, \u010c\u00edta\u010dka pam\u00e4\u0165ov\u00fdch kariet, Webkamera<\/td>\n<\/tr>\n<\/tbody>\n<\/table>\n<p style=\"font-weight: 400;\">Z\u00e1ruka 12 m\u011bs\u00edc\u016f<\/p>\n","protected":false},"excerpt":{"rendered":"<p>Podrobn\u00e1 specifikace: Procesor Intel Core i7-6600u, 2600 MHz RAM pam\u011b\u0165 16 GB DDR3 Pevn\u00fd disk 256 GB SSD Optick\u00e1 mechanika&hellip;<\/p>\n","protected":false},"featured_media":221,"comment_status":"open","ping_status":"closed","template":"","meta":[],"product_brand":[],"product_cat":[22],"product_tag":[],"class_list":{"0":"post-220","1":"product","2":"type-product","3":"status-publish","4":"has-post-thumbnail","6":"product_cat-notebook","8":"first","9":"instock","10":"taxable","11":"shipping-taxable","12":"purchasable","13":"product-type-simple"},"_links":{"self":[{"href":"https:\/\/marvil.sk\/wordpress-1\/wp-json\/wp\/v2\/product\/220","targetHints":{"allow":["GET"]}}],"collection":[{"href":"https:\/\/marvil.sk\/wordpress-1\/wp-json\/wp\/v2\/product"}],"about":[{"href":"https:\/\/marvil.sk\/wordpress-1\/wp-json\/wp\/v2\/types\/product"}],"replies":[{"embeddable":true,"href":"https:\/\/marvil.sk\/wordpress-1\/wp-json\/wp\/v2\/comments?post=220"}],"wp:featuredmedia":[{"embeddable":true,"href":"https:\/\/marvil.sk\/wordpress-1\/wp-json\/wp\/v2\/media\/221"}],"wp:attachment":[{"href":"https:\/\/marvil.sk\/wordpress-1\/wp-json\/wp\/v2\/media?parent=220"}],"wp:term":[{"taxonomy":"product_brand","embeddable":true,"href":"https:\/\/marvil.sk\/wordpress-1\/wp-json\/wp\/v2\/product_brand?post=220"},{"taxonomy":"product_cat","embeddable":true,"href":"https:\/\/marvil.sk\/wordpress-1\/wp-json\/wp\/v2\/product_cat?post=220"},{"taxonomy":"product_tag","embeddable":true,"href":"https:\/\/marvil.sk\/wordpress-1\/wp-json\/wp\/v2\/product_tag?post=220"}],"curies":[{"name":"wp","href":"https:\/\/api.w.org\/{rel}","templated":true}]}}