{"id":2,"date":"2018-04-23T17:57:37","date_gmt":"2018-04-23T15:57:37","guid":{"rendered":"https:\/\/marvil.sk\/wordpress-2\/?page_id=2"},"modified":"2018-04-25T16:44:27","modified_gmt":"2018-04-25T14:44:27","slug":"ukazka-strany","status":"publish","type":"page","link":"https:\/\/marvil.sk\/wordpress-2\/ukazka-strany\/","title":{"rendered":"O n\u00e1s"},"content":{"rendered":"<p style=\"text-align: justify;\">\n\tFirma &nbsp;MarVil s.r.o. vznikla v roku 1993 s cie\u013eom &nbsp;zabezpe\u010dova\u0165 komplexn&eacute; slu\u017eby a dod&aacute;vky v oblasti v&yacute;po\u010dtovej techniky.\n<\/p>\n<p style=\"text-align: justify;\">\n\tNa&scaron;a firma sa okrem tvorby a priebe\u017en&eacute;ho budovania jednotliv&yacute;ch podsyst&eacute;mov ekonomick&eacute;ho informa\u010dn&eacute;ho syst&eacute;mu pois\u0165ovn&iacute; komer\u010dn&yacute;ch aj zdravotn&yacute;ch \/ Slovensk&aacute; pois\u0165ov\u0148a, Hasi\u010dsk&aacute; pois\u0165ov\u0148a, UNION, V\u017dP a.s., VZP D&ocirc;vera,Tatra pois\u0165ov\u0148a\/ pod\u013ea objedn&aacute;vky s oh\u013eadom na konkr&eacute;tne po\u017eiadavky, zaober&aacute; aj &nbsp;komplexn&yacute;mi dod&aacute;vkami podsyst&eacute;mov hlavne podvojn&eacute;ho &uacute;\u010dtovn&iacute;ctva pre podnikate\u013esk&eacute; subjekty. Vzh\u013eadom na postupn&eacute; vybudovanie vlastn&eacute;ho modul&aacute;rneho syst&eacute;mu a viacero druhov rie&scaron;en&iacute; poskytujeme vypracovanie komplexn&yacute;ch ekonomick&yacute;ch informa\u010dn&yacute;ch syst&eacute;mov pod\u013ea individu&aacute;lnych po\u017eiadaviek u\u017e&iacute;vate\u013ea v kr&aacute;tkych dodac&iacute;ch term&iacute;noch. Na&scaron;a firma p&ocirc;sob&iacute; v oblasti organiz&aacute;ci&iacute; stavebn&iacute;ctva, tuzemsk&eacute;ho aj zahrani\u010dn&eacute;ho obchodu, a tie\u017e dod&aacute;va software pre firmy zabezpe\u010duj&uacute;ce ekonomick&yacute; servis.\n<\/p>\n<p style=\"text-align: justify;\">\n\tV ponuke m&aacute;me poradensk&uacute; \u010dinnos\u0165, dod&aacute;vky po\u010d&iacute;ta\u010dov na b&aacute;ze PC,sie\u0165ov&eacute; prepojenie po\u010d&iacute;ta\u010dov, in&scaron;tal&aacute;ciu opera\u010dn&yacute;ch syst&eacute;mov, &uacute;pravu u\u017e&iacute;vate\u013esk&eacute;ho prostredia v po\u010d&iacute;ta\u010doch, nastavenie tla\u010diarn&iacute;, mont&aacute;\u017e faxmodemov, pripojenie na INTERNET a pod.\n<\/p>\n<p style=\"text-align: justify;\">\n\tNa&scaron;a \u010dinnos\u0165 v tejto oblasti je zameran&aacute; sk&ocirc;r na men&scaron;ie organiz&aacute;cie s cie\u013eom komplexnej ponuky slu\u017eieb a dod&aacute;vok \/ poradenstvo po telef&oacute;ne, okam\u017eit&yacute; servisn&yacute; z&aacute;sah, postupn&eacute; dod&aacute;vky r&ocirc;znych zariaden&iacute; v&yacute;po\u010dtovej techniky, ich pripojenie a pod.\/.\n<\/p>\n<p style=\"text-align: justify;\">\n\t\u010co sa t&yacute;ka dod&aacute;vok hardware ide najm&auml; o zna\u010dkov&eacute; po\u010d&iacute;ta\u010de GIGABYTE a&nbsp;HP. V&nbsp;pr&iacute;pade z&aacute;ujmu o ekonomicky v&yacute;hodn&eacute; zostavy m&aacute;me v ponuke tzv.sklada\u010dky MARVIL PC, ktor&eacute; s&uacute; zostaven&eacute; z osved\u010den&yacute;ch komponentov firiem Western Digital, Sony, Intel, Mitsumi, Shuttle, Seagate, Cyber, Toshiba, Hewlett Packard a i..\n<\/p>\n<p style=\"text-align: justify;\">\n\tFirma &nbsp;p&ocirc;sob&iacute; najm&auml; v oblasti poskytovania software podnikate\u013esk&yacute;m subjektom a pois\u0165ovniam od roku 1993, dod&aacute;vky hardware vzh\u013eadom na seri&oacute;zne zabezpe\u010denie aktu&aacute;lneho servisu s&uacute; zatia\u013e najm&auml; &nbsp;pre z&aacute;kazn&iacute;kov v Bratislave a okol&iacute;.<\/p>\n<!-- AddThis Advanced Settings generic via filter on the_content --><!-- AddThis Share Buttons generic via filter on the_content -->","protected":false},"excerpt":{"rendered":"<p>Firma &nbsp;MarVil s.r.o. vznikla v roku 1993 s cie\u013eom &nbsp;zabezpe\u010dova\u0165 komplexn&eacute; slu\u017eby a dod&aacute;vky v oblasti v&yacute;po\u010dtovej techniky. Na&scaron;a firma sa okrem tvorby a priebe\u017en&eacute;ho budovania jednotliv&yacute;ch podsyst&eacute;mov ekonomick&eacute;ho informa\u010dn&eacute;ho syst&eacute;mu pois\u0165ovn&iacute; komer\u010dn&yacute;ch aj zdravotn&yacute;ch \/ Slovensk&aacute; pois\u0165ov\u0148a, Hasi\u010dsk&aacute; pois\u0165ov\u0148a, UNION, V\u017dP a.s., VZP D&ocirc;vera,Tatra pois\u0165ov\u0148a\/ pod\u013ea objedn&aacute;vky s oh\u013eadom na konkr&eacute;tne po\u017eiadavky, zaober&aacute; aj [&hellip;]<!-- AddThis Advanced Settings generic via filter on get_the_excerpt --><!-- AddThis Share Buttons generic via filter on get_the_excerpt --><\/p>\n","protected":false},"author":1,"featured_media":0,"parent":0,"menu_order":0,"comment_status":"closed","ping_status":"open","template":"","meta":{"footnotes":""},"_links":{"self":[{"href":"https:\/\/marvil.sk\/wordpress-2\/wp-json\/wp\/v2\/pages\/2"}],"collection":[{"href":"https:\/\/marvil.sk\/wordpress-2\/wp-json\/wp\/v2\/pages"}],"about":[{"href":"https:\/\/marvil.sk\/wordpress-2\/wp-json\/wp\/v2\/types\/page"}],"author":[{"embeddable":true,"href":"https:\/\/marvil.sk\/wordpress-2\/wp-json\/wp\/v2\/users\/1"}],"replies":[{"embeddable":true,"href":"https:\/\/marvil.sk\/wordpress-2\/wp-json\/wp\/v2\/comments?post=2"}],"version-history":[{"count":3,"href":"https:\/\/marvil.sk\/wordpress-2\/wp-json\/wp\/v2\/pages\/2\/revisions"}],"predecessor-version":[{"id":81,"href":"https:\/\/marvil.sk\/wordpress-2\/wp-json\/wp\/v2\/pages\/2\/revisions\/81"}],"wp:attachment":[{"href":"https:\/\/marvil.sk\/wordpress-2\/wp-json\/wp\/v2\/media?parent=2"}],"curies":[{"name":"wp","href":"https:\/\/api.w.org\/{rel}","templated":true}]}}