{"id":39,"date":"2018-04-25T12:55:47","date_gmt":"2018-04-25T10:55:47","guid":{"rendered":"https:\/\/marvil.sk\/wordpress-2\/?page_id=39"},"modified":"2019-04-05T14:25:44","modified_gmt":"2019-04-05T12:25:44","slug":"uvod","status":"publish","type":"page","link":"https:\/\/marvil.sk\/wordpress-2\/","title":{"rendered":"\u00davod"},"content":{"rendered":"<p style=\"text-align: center;\">\n\tV&iacute;tame V&aacute;s na na&scaron;ej str&aacute;nke&nbsp;&nbsp;<em><strong>WWW.MARVIL.SK<\/strong><\/em>&nbsp;.\n<\/p>\n<p style=\"text-align: center;\">\n\t&nbsp;\n<\/p>\n<div>\n<p>\n\t\tBude zameran&aacute; na pomoc pri pou\u017e&iacute;van&iacute; softwaru a hardwaru ako aj v&scaron;etko okolo toho..\n\t<\/p>\n<p>\n\t\tTaktie\u017e je obohaten&aacute; aj o ponuky v t&yacute;chto oblastiach \u010di u\u017e programov&eacute; baliky&nbsp;ako aj o po\u010d&iacute;ta\u0107e. Bude sa na\u010falej roz&scaron;irova\u0165 a obohacova\u0165.\n\t<\/p>\n<p>\n\t\tAj Va&scaron;e podnety a postrehy s&uacute; pr&iacute;nosom pre n&aacute;s.\n\t<\/p>\n<p>\n\t\t&nbsp;\n\t<\/p>\n<p>\n\t\t&nbsp;\n\t<\/p>\n<p>\t<center><br \/>\n\t\t<br \/>\n\t\t<!-- Created with a shortcode from an AddThis plugin --><div class=\"addthis_inline_share_toolbox_v1lq addthis_tool\"><\/div><!-- End of short code snippet --><br \/>\n\t<\/center>\n<\/div>\n<!-- AddThis Advanced Settings generic via filter on the_content --><!-- AddThis Share Buttons generic via filter on the_content -->","protected":false},"excerpt":{"rendered":"<p>V&iacute;tame V&aacute;s na na&scaron;ej str&aacute;nke&nbsp;&nbsp;WWW.MARVIL.SK&nbsp;. &nbsp; Bude zameran&aacute; na pomoc pri pou\u017e&iacute;van&iacute; softwaru a hardwaru ako aj v&scaron;etko okolo toho.. Taktie\u017e je obohaten&aacute; aj o ponuky v t&yacute;chto oblastiach \u010di u\u017e programov&eacute; baliky&nbsp;ako aj o po\u010d&iacute;ta\u0107e. Bude sa na\u010falej roz&scaron;irova\u0165 a obohacova\u0165. Aj Va&scaron;e podnety a postrehy s&uacute; pr&iacute;nosom pre n&aacute;s. &nbsp; &nbsp;<!-- AddThis Advanced Settings generic via filter on get_the_excerpt --><!-- AddThis Share Buttons generic via filter on get_the_excerpt --><\/p>\n","protected":false},"author":1,"featured_media":0,"parent":0,"menu_order":0,"comment_status":"closed","ping_status":"closed","template":"templates\/template-fullwidth.php","meta":{"footnotes":""},"_links":{"self":[{"href":"https:\/\/marvil.sk\/wordpress-2\/wp-json\/wp\/v2\/pages\/39"}],"collection":[{"href":"https:\/\/marvil.sk\/wordpress-2\/wp-json\/wp\/v2\/pages"}],"about":[{"href":"https:\/\/marvil.sk\/wordpress-2\/wp-json\/wp\/v2\/types\/page"}],"author":[{"embeddable":true,"href":"https:\/\/marvil.sk\/wordpress-2\/wp-json\/wp\/v2\/users\/1"}],"replies":[{"embeddable":true,"href":"https:\/\/marvil.sk\/wordpress-2\/wp-json\/wp\/v2\/comments?post=39"}],"version-history":[{"count":8,"href":"https:\/\/marvil.sk\/wordpress-2\/wp-json\/wp\/v2\/pages\/39\/revisions"}],"predecessor-version":[{"id":86,"href":"https:\/\/marvil.sk\/wordpress-2\/wp-json\/wp\/v2\/pages\/39\/revisions\/86"}],"wp:attachment":[{"href":"https:\/\/marvil.sk\/wordpress-2\/wp-json\/wp\/v2\/media?parent=39"}],"curies":[{"name":"wp","href":"https:\/\/api.w.org\/{rel}","templated":true}]}}