{"id":155,"date":"2020-04-08T18:12:12","date_gmt":"2020-04-08T16:12:12","guid":{"rendered":"https:\/\/marvil.sk\/wordpress-4\/temy\/prihlasenie\/"},"modified":"2020-04-08T18:12:12","modified_gmt":"2020-04-08T16:12:12","slug":"prihlasenie","status":"publish","type":"page","link":"https:\/\/marvil.sk\/wordpress-4\/temy\/prihlasenie\/","title":{"rendered":"Prihl\u00e1senie"},"content":{"rendered":"<p><div class=\"ctdb-login-form-wrapper\"><div class=\"ctdb-header \" data-form-id=\"ctdb-login-wrap\"><h3 class=\"ctdb-h3\"><span class=\"dashicons dashicons-unlock\"><\/span>Prihl\u00e1si\u0165 sa<\/h3><\/div><div class=\"ctdb-header \" data-form-id=\"ctdb-registration-wrap\"><h3 class=\"ctdb-h3\"><span class=\"dashicons dashicons-edit\"><\/span>Registrova\u0165<\/h3><\/div>\n\t\t\t<div id=\"ctdb-login-wrap\" class=\"ctdb-form-section active-section\">\n\n\t\t\t\t\n\t\t\t\t\t\t\t\t\t\t\t\t\n\t\t\t\t<form id=\"ctdb_login_form\" class=\"ctdb-form\" action=\"\" method=\"post\">\n\n\t\t\t\t\t<fieldset>\n\t\t\t\t\t\t<p>\n\t\t\t\t\t\t\t<label for=\"ctdb_user_login\">Pou\u017e\u00edvate\u013esk\u00e9 meno<\/label>\n\t\t\t\t\t\t\t<input name=\"ctdb_user_login\" id=\"ctdb_user_login\" class=\"required\" type=\"text\"\/>\n\t\t\t\t\t\t<\/p>\n\t\t\t\t\t\t<p>\n\t\t\t\t\t\t\t<label for=\"ctdb_user_pass\">Heslo<\/label>\n\t\t\t\t\t\t\t<input name=\"ctdb_user_pass\" id=\"ctdb_user_pass\" class=\"required\" type=\"password\"\/>\n\t\t\t\t\t\t<\/p>\n\t\t\t\t\t\t<p>\n\t\t\t\t\t\t\t<input type=\"hidden\" name=\"ctdb_login_nonce\" value=\"c9e7d743c9\"\/>\n\t\t\t\t\t\t\t<input id=\"ctdb_login_submit\" type=\"submit\" value=\"Prihl\u00e1si\u0165 sa\"\/>\n\t\t\t\t\t\t<\/p>\n\t\t\t\t\t<\/fieldset>\n\n\t\t\t\t<\/form>\n\n\t\t\t\t<p><a href=\"https:\/\/marvil.sk\/wordpress-4\/wp-login.php?action=lostpassword&redirect_to=https%3A%2F%2Fmarvil.sk%2Fwordpress-4%2Ftemy%2Fprihlasenie%2F%3Faction%3Dpasswordrequest\">Straten\u00e9 heslo?<\/a><p>\n\n\t\t\t<\/div>\n\n\t\t\t\n\t\t\t<div id=\"ctdb-registration-wrap\" class=\"ctdb-form-section \">\n\n\t\t\t\t\n\t\t\t\t<form id=\"ctdb_registration_form\" class=\"ctdb-form\" action=\"\" method=\"POST\">\n\n\t\t\t\t\t<fieldset>\n\t\t\t\t\t\t\t\t\t\t\t\t\t\t\t\t<p>\n\t\t\t\t\t\t\t\t\t\t\t<label for=\"ctdb_user_login\">Pou\u017e\u00edvate\u013esk\u00e9 meno<span id=\"ctdb_user_login-response\" class=\"validation-response\"><\/span><\/label>\n\t\t\t\t\t\t\t\t\t\t\t<input name=\"ctdb_user_login\" id=\"ctdb_user_login\" class=\"required ctdb_user_login\" type=\"text\" value=\"\"\/>\n\t\t\t\t\t\t\t\t\t\t<\/p>\n\t\t\t\t\t\t\t\t\t\t\t\t\t\t\t\t\t\t\t\t<p>\n\t\t\t\t\t\t\t\t\t\t\t<label for=\"ctdb_user_email\">Email<span id=\"ctdb_user_email-response\" class=\"validation-response\"><\/span><\/label>\n\t\t\t\t\t\t\t\t\t\t\t<input name=\"ctdb_user_email\" id=\"ctdb_user_email\" class=\"required ctdb_user_email\" type=\"email\" value=\"\"\/>\n\t\t\t\t\t\t\t\t\t\t<\/p>\n\t\t\t\t\t\t\t\t\t\t\t\t\t\t\t\t\t\t\t\t<p>\n\t\t\t\t\t\t\t\t\t\t\t<label for=\"ctdb_user_first\">Krstn\u00e9 meno<span id=\"ctdb_user_first-response\" class=\"validation-response\"><\/span><\/label>\n\t\t\t\t\t\t\t\t\t\t\t<input name=\"ctdb_user_first\" id=\"ctdb_user_first\" class=\"required ctdb_user_first\" type=\"text\" value=\"\"\/>\n\t\t\t\t\t\t\t\t\t\t<\/p>\n\t\t\t\t\t\t\t\t\t\t\t\t\t\t\t\t\t\t\t\t<p>\n\t\t\t\t\t\t\t\t\t\t\t<label for=\"ctdb_user_last\">Priezvisko<span id=\"ctdb_user_last-response\" class=\"validation-response\"><\/span><\/label>\n\t\t\t\t\t\t\t\t\t\t\t<input name=\"ctdb_user_last\" id=\"ctdb_user_last\" class=\"required ctdb_user_last\" type=\"text\" value=\"\"\/>\n\t\t\t\t\t\t\t\t\t\t<\/p>\n\t\t\t\t\t\t\t\t\t\t\t\t\t\t\t\t\t\t\t\t<p>\n\t\t\t\t\t\t\t\t\t\t\t<label for=\"ctdb_user_pass\">Heslo<span id=\"ctdb_user_pass-response\" class=\"validation-response\"><\/span><\/label>\n\t\t\t\t\t\t\t\t\t\t\t<input name=\"ctdb_user_pass\" id=\"ctdb_user_pass\" class=\"required ctdb_user_pass\" type=\"password\" value=\"\"\/>\n\t\t\t\t\t\t\t\t\t\t<\/p>\n\t\t\t\t\t\t\t\t\t\t\t\t\t\t\t\t\t\t\t\t<p>\n\t\t\t\t\t\t\t\t\t\t\t<label for=\"ctdb_user_pass_confirm\">Heslo e\u0161te raz.<span id=\"ctdb_user_pass_confirm-response\" class=\"validation-response\"><\/span><\/label>\n\t\t\t\t\t\t\t\t\t\t\t<input name=\"ctdb_user_pass_confirm\" id=\"ctdb_user_pass_confirm\" class=\"required ctdb_user_pass_confirm\" type=\"password\" value=\"\"\/>\n\t\t\t\t\t\t\t\t\t\t<\/p>\n\t\t\t\t\t\t\t\t\t\t\t\t\t\t\t\t\t<p class=\"ctdb-check-humanity-wrapper\">\n\t\t\t\t\t\t\t\t<label>Ste \u010dlovek?<\/label>\n\t\t\t\t\t\t\t\t<input name=\"ctdb_check_humanity\" value=\"no\" type=\"radio\"\/> Nie<br \/>\n\t\t\t\t\t\t\t\t<input name=\"ctdb_check_humanity\" value=\"yes\" type=\"radio\"\/> \u00c1no\t\t\t\t\t\t\t<\/p>\n\t\t\t\t\t\t\t\t\t\t\t\t<p>\n\t\t\t\t\t\t\t<input type=\"hidden\" name=\"ctdb_page\" value=\"register\"\/>\n\t\t\t\t\t\t\t<input type=\"hidden\" name=\"ctdb_register_nonce\" value=\"da6d8184dd\" \/>\n\t\t\t\t\t\t\t<input type=\"submit\" value=\"Zaregistrujte svoj \u00fa\u010det\" \/>\n\t\t\t\t\t\t<\/p>\n\n\t\t\t\t\t\t<p>\n\t\t\t\t\t\t\t<span id=\"ctdb_user_form-response\" class=\"validation-response\"><small>Please make sure all required fields are filled out.<\/small><\/span>\n\t\t\t\t\t\t<\/p>\n\t\t\t\t\t<\/fieldset>\n\n\t\t\t\t\t<script>\n\t\t\t\t\t\t\/\/ Do inline validation for username\n\t\t\t\t\t\tjQuery(document).ready(function($){\n\t\t\t\t\t\t\t$(this).parents('form').find('#ctdb_user_form-response').hide();\n\t\t\t\t\t\t\t\/\/ On focusout so that we only evaluate inputs once completed\n\t\t\t\t\t\t\t\/\/ Send current so that we only evaluate current input\n\t\t\t\t\t\t\t$('#ctdb-registration-wrap input').on('focusout',function(){\n\t\t\t\t\t\t\t\t$(this).parents('form').find('#ctdb_user_form-response').hide();\n\t\t\t\t\t\t\t\tvar required = 'false';\n\t\t\t\t\t\t\t\tif($(this).hasClass('required')){\n\t\t\t\t\t\t\t\t\trequired = 'true';\n\t\t\t\t\t\t\t\t}\n\t\t\t\t\t\t\t\t\/\/ Clear the field validation each time\n\t\t\t\t\t\t\t\tvar validateID = $(this).attr('id');\n\t\t\t\t\t\t\t\t$(this).removeClass('valid invalid');\n\t\t\t\t\t\t\t\t$('#'+validateID+'-response').html('');\n\t\t\t\t\t\t\t\tvar data = {\n\t\t\t\t\t\t\t\t\t'action': 'ajax_validation',\n\t\t\t\t\t\t\t\t\t'current': $(this).attr('id'),\n\t\t\t\t\t\t\t\t\t'val': $(this).val(),\n\t\t\t\t\t\t\t\t\t'required': required,\n\t\t\t\t\t\t\t\t\t'login': $('.ctdb_user_login').val(),\n\t\t\t\t\t\t\t\t\t'email': $('#ctdb-registration-wrap #ctdb_user_email').val(),\n\t\t\t\t\t\t\t\t\t'pass': $('#ctdb-registration-wrap #ctdb_user_pass').val(),\n\t\t\t\t\t\t\t\t\t'confirm': $('#ctdb-registration-wrap #ctdb_user_pass_confirm').val(),\n\t\t\t\t\t\t\t\t\t'security': \"c3058531fe\",\n\t\t\t\t\t\t\t\t\t'dataType': 'json'\n\t\t\t\t\t\t\t\t};\n\t\t\t\t\t\t\t\t$.post(ajaxurl, data, function(response){\n\t\t\t\t\t\t\t\t\tresponse = JSON.parse(response);\n\t\t\t\t\t\t\t\t\tfor(var i=0; i<response.length; i++){\n\t\t\t\t\t\t\t\t\t\tif(response[i]['status']=='error'){\n\t\t\t\t\t\t\t\t\t\t\tvar id = response[i]['id'];\n\t\t\t\t\t\t\t\t\t\t\t$('.'+id).removeClass('valid');\n\t\t\t\t\t\t\t\t\t\t\t$('.'+id).addClass('invalid');\n\t\t\t\t\t\t\t\t\t\t\t$('#'+id+'-response').html('<small> - '+response[i]['message']+'<\/small>');\n\t\t\t\t\t\t\t\t\t\t} else if(response[i]['status']=='ok'){\n\t\t\t\t\t\t\t\t\t\t\tvar id = response[i]['id'];\n\t\t\t\t\t\t\t\t\t\t\t$('.'+id).removeClass('invalid');\n\t\t\t\t\t\t\t\t\t\t\t$('.'+id).addClass('valid');\n\t\t\t\t\t\t\t\t\t\t\tif(response[i]['message']){\n\t\t\t\t\t\t\t\t\t\t\t\t$('#'+id+'-response').html('<small> - '+response[i]['message']+'<\/small>');\n\t\t\t\t\t\t\t\t\t\t\t}else{\n\t\t\t\t\t\t\t\t\t\t\t\t$('#'+id+'-response').html('');\n\t\t\t\t\t\t\t\t\t\t\t}\n\t\t\t\t\t\t\t\t\t\t}\n\t\t\t\t\t\t\t\t\t}\n\t\t\t\t\t\t\t\t});\n\t\t\t\t\t\t\t});\n\n\t\t\t\t\t\t\t$('#ctdb_registration_form').submit(function(event) {\n\t\t\t\t\t\t\t\tif($(this).find('input.invalid').length > 0){\n\t\t\t\t\t\t\t\t\t$(this).find('#ctdb_user_form-response').show();\n\t\t\t\t\t\t\t\t\tevent.preventDefault();\n\t\t\t\t\t\t\t\t}\n\t\t\t\t\t\t\t});\n\n\t\t\t\t\t\t});\n\n\t\t\t\t\t<\/script>\n\n\t\t\t\t\t\n\t\t\t\t<\/form>\n\t\t\t<\/div><!-- .ctdb-form-section .-->\n\n\t\t\t<\/div><!-- .ctdb-login-form-wrapper --><script>\n\t\t\t\t\tjQuery(document).ready(function($){\n\t\t\t\t\t\t$(\".ctdb-header\").on(\"click\",function(){\n\t\t\t\t\t\t\tid = $(this).data(\"form-id\");\n\t\t\t\t\t\t\t$(\".ctdb-header\").removeClass(\"active-header\");\n\t\t\t\t\t\t\t$(this).addClass(\"active-header\");\n\t\t\t\t\t\t\t$(\".ctdb-form-section\").removeClass(\"active-section\");\n\t\t\t\t\t\t\t$(\"#\"+id).addClass(\"active-section\");\n\t\t\t\t\t\t});\n\t\t\t\t\t});\n\t\t\t\t<\/script> <\/p>\n","protected":false},"excerpt":{"rendered":"","protected":false},"author":1,"featured_media":0,"parent":153,"menu_order":0,"comment_status":"closed","ping_status":"closed","template":"","meta":{"footnotes":""},"class_list":["post-155","page","type-page","status-publish","hentry"],"_links":{"self":[{"href":"https:\/\/marvil.sk\/wordpress-4\/wp-json\/wp\/v2\/pages\/155","targetHints":{"allow":["GET"]}}],"collection":[{"href":"https:\/\/marvil.sk\/wordpress-4\/wp-json\/wp\/v2\/pages"}],"about":[{"href":"https:\/\/marvil.sk\/wordpress-4\/wp-json\/wp\/v2\/types\/page"}],"author":[{"embeddable":true,"href":"https:\/\/marvil.sk\/wordpress-4\/wp-json\/wp\/v2\/users\/1"}],"replies":[{"embeddable":true,"href":"https:\/\/marvil.sk\/wordpress-4\/wp-json\/wp\/v2\/comments?post=155"}],"version-history":[{"count":0,"href":"https:\/\/marvil.sk\/wordpress-4\/wp-json\/wp\/v2\/pages\/155\/revisions"}],"up":[{"embeddable":true,"href":"https:\/\/marvil.sk\/wordpress-4\/wp-json\/wp\/v2\/pages\/153"}],"wp:attachment":[{"href":"https:\/\/marvil.sk\/wordpress-4\/wp-json\/wp\/v2\/media?parent=155"}],"curies":[{"name":"wp","href":"https:\/\/api.w.org\/{rel}","templated":true}]}}