{"id":5,"date":"2018-08-21T14:16:37","date_gmt":"2018-08-21T12:16:37","guid":{"rendered":"https:\/\/marvil.sk\/wordpress-4\/?page_id=5"},"modified":"2021-06-05T17:28:13","modified_gmt":"2021-06-05T15:28:13","slug":"co-ponukam","status":"publish","type":"page","link":"https:\/\/marvil.sk\/wordpress-4\/","title":{"rendered":"\u010co pon\u00fakam \u2026"},"content":{"rendered":"<div class=\"content_block\" id=\"custom_post_widget-31\"><\/div>\n<table style=\"width: 700px;\" border=\"0\" cellspacing=\"1\" cellpadding=\"1\" align=\"center\">\n<tbody>\n<tr>\n<td><\/td>\n<td style=\"text-align: center;\"><\/td>\n<td><\/td>\n<\/tr>\n<tr>\n<td><\/td>\n<td style=\"text-align: center;\"><a title=\"\" href=\"http:\/\/www.ovladampocitace.sk\/wordpress-4\/wp-content\/uploads\/2014\/12\/technician.jpg\" target=\"\" rel=\"noopener noreferrer\"><img loading=\"lazy\" decoding=\"async\" class=\"size-medium wp-image-51 aligncenter\" title=\"\" src=\"http:\/\/www.ovladampocitace.sk\/wordpress-4\/wp-content\/uploads\/2014\/12\/technician-300x273.jpg\" alt=\"technician\" width=\"144\" height=\"131\" \/><\/a><\/td>\n<td><\/td>\n<\/tr>\n<tr>\n<td><\/td>\n<td style=\"text-align: center;\">&nbsp;<\/p>\n<p><a href=\"http:\/\/www.ovladampocitace.sk\/wordpress-4\/?page_id=369\"><span style=\"color: #000080;\"><span style=\"font-size: 18px;\">M\u00e1te probl\u00e9my s Va\u0161\u00edm po\u0107\u00edta\u010dom ?<\/span><\/span><\/a><\/p>\n<p><a href=\"http:\/\/www.ovladampocitace.sk\/wordpress-4\/?page_id=375\"><span style=\"color: #000080;\"><span style=\"font-size: 18px;\">Chcete svoju WEB str\u00e1nku ?<\/span><\/span><\/a><\/p>\n<p><span style=\"font-size: 18px;\"><a href=\"http:\/\/www.ovladampocitace.sk\/wordpress-4\/?page_id=381\"><span style=\"color: #000080;\">Chcete svoj E-Shop ?<\/span><\/a><\/span><\/p>\n<p><a href=\"http:\/\/www.ovladampocitace.sk\/wordpress-4\/?page_id=480\"><span style=\"color: #000080;\"><span style=\"font-size: 18px;\">Potrebujete po\u010d\u00edta\u010d\u00a0?<\/span><\/span><\/a><\/p>\n<p>&nbsp;<\/td>\n<td><\/td>\n<\/tr>\n<tr>\n<td><\/td>\n<td style=\"text-align: center;\">&nbsp;<\/p>\n<p><a href=\"http:\/\/www.ovladampocitace.sk\/wordpress-4\/?page_id=427\"><span style=\"color: #000080;\"><span style=\"font-size: 18px;\">Nechcete u\u017e\u00a0plati\u0165 za drah\u00fd \u00a0Word, \u00a0Excel a podobne<\/span><\/span><\/a><span style=\"color: #000080;\"><span style=\"font-size: 18px;\"><a href=\"http:\/\/www.ovladampocitace.sk\/wordpress-4\/?page_id=369\">\u00a0?<\/a><\/span><\/span><\/p>\n<p>&nbsp;<\/td>\n<td><\/td>\n<\/tr>\n<\/tbody>\n<\/table>\n","protected":false},"excerpt":{"rendered":"<p>&nbsp; M\u00e1te probl\u00e9my s Va\u0161\u00edm po\u0107\u00edta\u010dom ? Chcete svoju WEB str\u00e1nku ? Chcete svoj E-Shop ? Potrebujete po\u010d\u00edta\u010d\u00a0? &nbsp; &nbsp; Nechcete u\u017e\u00a0plati\u0165 za drah\u00fd \u00a0Word, \u00a0Excel a podobne\u00a0? &nbsp;<\/p>\n","protected":false},"author":1,"featured_media":0,"parent":0,"menu_order":0,"comment_status":"closed","ping_status":"closed","template":"","meta":{"footnotes":""},"class_list":["post-5","page","type-page","status-publish","hentry"],"_links":{"self":[{"href":"https:\/\/marvil.sk\/wordpress-4\/wp-json\/wp\/v2\/pages\/5","targetHints":{"allow":["GET"]}}],"collection":[{"href":"https:\/\/marvil.sk\/wordpress-4\/wp-json\/wp\/v2\/pages"}],"about":[{"href":"https:\/\/marvil.sk\/wordpress-4\/wp-json\/wp\/v2\/types\/page"}],"author":[{"embeddable":true,"href":"https:\/\/marvil.sk\/wordpress-4\/wp-json\/wp\/v2\/users\/1"}],"replies":[{"embeddable":true,"href":"https:\/\/marvil.sk\/wordpress-4\/wp-json\/wp\/v2\/comments?post=5"}],"version-history":[{"count":19,"href":"https:\/\/marvil.sk\/wordpress-4\/wp-json\/wp\/v2\/pages\/5\/revisions"}],"predecessor-version":[{"id":174,"href":"https:\/\/marvil.sk\/wordpress-4\/wp-json\/wp\/v2\/pages\/5\/revisions\/174"}],"wp:attachment":[{"href":"https:\/\/marvil.sk\/wordpress-4\/wp-json\/wp\/v2\/media?parent=5"}],"curies":[{"name":"wp","href":"https:\/\/api.w.org\/{rel}","templated":true}]}}